{"id":40,"date":"2015-10-10T20:54:13","date_gmt":"2015-10-10T19:54:13","guid":{"rendered":"http:\/\/www.techt.ch\/subsa\/?page_id=40"},"modified":"2026-04-27T22:42:22","modified_gmt":"2026-04-27T21:42:22","slug":"lentreprise","status":"publish","type":"page","link":"http:\/\/www.techt.ch\/subsa\/","title":{"rendered":"L&rsquo;entreprise"},"content":{"rendered":"<p><strong>Subsa est une entreprise suisse regroupant des sp\u00e9cialistes du souterrain, des espaces confin\u00e9s et des milieux difficiles d\u2019acc\u00e8s.<\/strong><\/p>\n<p>Ses principales missions sont&nbsp;:<\/p>\n<ul>\n<li>proposer des visites et des explorations de grottes, gouffres et autres cavit\u00e9s naturelles ou artificielles. Disposer d&rsquo;un bureau des guides.<\/li>\n<li>d\u00e9velopper des techniques et des formations reconnues, notamment pour les interventions et travaux en espaces confin\u00e9s, le minage, le sauvetage, les techniques verticales, la plong\u00e9e, le trekking souterrain, etc.<\/li>\n<li>fournir des prestations de services : conseil, \u00e9tude, surveillance, assistance et encadrement lors d\u2019interventions et de travaux souterrains ou confin\u00e9s.<\/li>\n<\/ul>\nngg_shortcode_0_placeholder\n<p>La s\u00e9curit\u00e9 est constamment au c\u0153ur des pr\u00e9occupations de Subsa. Elle est notamment garantie par de hauts niveaux de formation, du mat\u00e9riel de pointe parfaitement adapt\u00e9, ainsi que par le respect strict des diverses r\u00e9glementations.<\/p>\n","protected":false},"excerpt":{"rendered":"<p>Subsa est une entreprise suisse regroupant des sp\u00e9cialistes du souterrain, des espaces confin\u00e9s et des milieux difficiles d\u2019acc\u00e8s. Ses principales missions sont&nbsp;: proposer des visites et des explorations de grottes, gouffres et autres cavit\u00e9s naturelles ou artificielles. Disposer d&rsquo;un bureau des guides. d\u00e9velopper des techniques et des formations reconnues, notamment pour les interventions et travaux [&hellip;]<\/p>\n","protected":false},"author":1,"featured_media":0,"parent":0,"menu_order":0,"comment_status":"closed","ping_status":"closed","template":"","meta":{"ngg_post_thumbnail":0,"hide_page_title":"","footnotes":""},"class_list":["post-40","page","type-page","status-publish","hentry"],"aioseo_notices":[],"_links":{"self":[{"href":"http:\/\/www.techt.ch\/subsa\/index.php?rest_route=\/wp\/v2\/pages\/40","targetHints":{"allow":["GET"]}}],"collection":[{"href":"http:\/\/www.techt.ch\/subsa\/index.php?rest_route=\/wp\/v2\/pages"}],"about":[{"href":"http:\/\/www.techt.ch\/subsa\/index.php?rest_route=\/wp\/v2\/types\/page"}],"author":[{"embeddable":true,"href":"http:\/\/www.techt.ch\/subsa\/index.php?rest_route=\/wp\/v2\/users\/1"}],"replies":[{"embeddable":true,"href":"http:\/\/www.techt.ch\/subsa\/index.php?rest_route=%2Fwp%2Fv2%2Fcomments&post=40"}],"version-history":[{"count":54,"href":"http:\/\/www.techt.ch\/subsa\/index.php?rest_route=\/wp\/v2\/pages\/40\/revisions"}],"predecessor-version":[{"id":761,"href":"http:\/\/www.techt.ch\/subsa\/index.php?rest_route=\/wp\/v2\/pages\/40\/revisions\/761"}],"wp:attachment":[{"href":"http:\/\/www.techt.ch\/subsa\/index.php?rest_route=%2Fwp%2Fv2%2Fmedia&parent=40"}],"curies":[{"name":"wp","href":"https:\/\/api.w.org\/{rel}","templated":true}]}}