{"id":51,"date":"2015-10-10T22:13:37","date_gmt":"2015-10-10T21:13:37","guid":{"rendered":"http:\/\/www.techt.ch\/subsa\/?page_id=51"},"modified":"2026-04-28T08:22:53","modified_gmt":"2026-04-28T07:22:53","slug":"formation-2","status":"publish","type":"page","link":"http:\/\/www.techt.ch\/subsa\/?page_id=51","title":{"rendered":"Formation"},"content":{"rendered":"<p>Plusieurs formations s\u2019adressant aux personnes \u00e9voluant en sp\u00e9l\u00e9ologie et en souterrain.<\/p>\n<ul>\n<li>Introduction \u00e0 l&rsquo;anti-chute<\/li>\n<li>Gestion des EPI contre les chutes de hauteur<\/li>\n<li>Sensibilisation aux dangers sur le lieu d\u2019intervention en milieu souterrain et en d\u00e9combres.<\/li>\n<li>Minage en milieu confin\u00e9.<\/li>\n<\/ul>\n<p>&nbsp;<\/p>\n<p>&nbsp;<\/p>\n<p>&nbsp;<\/p>\n","protected":false},"excerpt":{"rendered":"<p>Plusieurs formations s\u2019adressant aux personnes \u00e9voluant en sp\u00e9l\u00e9ologie et en souterrain. Introduction \u00e0 l&rsquo;anti-chute Gestion des EPI contre les chutes de hauteur Sensibilisation aux dangers sur le lieu d\u2019intervention en milieu souterrain et en d\u00e9combres. Minage en milieu confin\u00e9. &nbsp; &nbsp; &nbsp;<\/p>\n","protected":false},"author":1,"featured_media":0,"parent":0,"menu_order":0,"comment_status":"closed","ping_status":"closed","template":"","meta":{"ngg_post_thumbnail":0,"hide_page_title":"","footnotes":""},"class_list":["post-51","page","type-page","status-publish","hentry"],"aioseo_notices":[],"_links":{"self":[{"href":"http:\/\/www.techt.ch\/subsa\/index.php?rest_route=\/wp\/v2\/pages\/51","targetHints":{"allow":["GET"]}}],"collection":[{"href":"http:\/\/www.techt.ch\/subsa\/index.php?rest_route=\/wp\/v2\/pages"}],"about":[{"href":"http:\/\/www.techt.ch\/subsa\/index.php?rest_route=\/wp\/v2\/types\/page"}],"author":[{"embeddable":true,"href":"http:\/\/www.techt.ch\/subsa\/index.php?rest_route=\/wp\/v2\/users\/1"}],"replies":[{"embeddable":true,"href":"http:\/\/www.techt.ch\/subsa\/index.php?rest_route=%2Fwp%2Fv2%2Fcomments&post=51"}],"version-history":[{"count":8,"href":"http:\/\/www.techt.ch\/subsa\/index.php?rest_route=\/wp\/v2\/pages\/51\/revisions"}],"predecessor-version":[{"id":765,"href":"http:\/\/www.techt.ch\/subsa\/index.php?rest_route=\/wp\/v2\/pages\/51\/revisions\/765"}],"wp:attachment":[{"href":"http:\/\/www.techt.ch\/subsa\/index.php?rest_route=%2Fwp%2Fv2%2Fmedia&parent=51"}],"curies":[{"name":"wp","href":"https:\/\/api.w.org\/{rel}","templated":true}]}}