{"id":670,"date":"2017-03-16T23:09:49","date_gmt":"2017-03-16T22:09:49","guid":{"rendered":"http:\/\/www.techt.ch\/subsa\/?page_id=670"},"modified":"2017-03-16T23:27:52","modified_gmt":"2017-03-16T22:27:52","slug":"gestion-des-epi-contre-les-chutes-de-hauteur","status":"publish","type":"page","link":"http:\/\/www.techt.ch\/subsa\/?page_id=670","title":{"rendered":"Gestion des EPI contre les chutes de hauteur"},"content":{"rendered":"<p><b>Gestion des EPI contre les chutes de hauteur<\/b><br \/>\nDur\u00e9e : 1 journ\u00e9e, avec th\u00e9orie et pratique. Prix sur demande.<br \/>\nObjectifs :<\/p>\n<ul>\n<li>Savoir g\u00e9rer le mat\u00e9riel<\/li>\n<li>Remplir les fiches de suivi<\/li>\n<li>Tenir le registre<\/li>\n<li>Juger de l\u2019\u00e9tat du mat\u00e9riel<\/li>\n<\/ul>\nngg_shortcode_0_placeholder\n","protected":false},"excerpt":{"rendered":"<p>Gestion des EPI contre les chutes de hauteur Dur\u00e9e : 1 journ\u00e9e, avec th\u00e9orie et pratique. Prix sur demande. Objectifs : Savoir g\u00e9rer le mat\u00e9riel Remplir les fiches de suivi Tenir le registre Juger de l\u2019\u00e9tat du mat\u00e9riel<\/p>\n","protected":false},"author":1,"featured_media":671,"parent":51,"menu_order":0,"comment_status":"closed","ping_status":"closed","template":"","meta":{"ngg_post_thumbnail":0,"hide_page_title":"","footnotes":""},"class_list":["post-670","page","type-page","status-publish","has-post-thumbnail","hentry"],"aioseo_notices":[],"_links":{"self":[{"href":"http:\/\/www.techt.ch\/subsa\/index.php?rest_route=\/wp\/v2\/pages\/670","targetHints":{"allow":["GET"]}}],"collection":[{"href":"http:\/\/www.techt.ch\/subsa\/index.php?rest_route=\/wp\/v2\/pages"}],"about":[{"href":"http:\/\/www.techt.ch\/subsa\/index.php?rest_route=\/wp\/v2\/types\/page"}],"author":[{"embeddable":true,"href":"http:\/\/www.techt.ch\/subsa\/index.php?rest_route=\/wp\/v2\/users\/1"}],"replies":[{"embeddable":true,"href":"http:\/\/www.techt.ch\/subsa\/index.php?rest_route=%2Fwp%2Fv2%2Fcomments&post=670"}],"version-history":[{"count":4,"href":"http:\/\/www.techt.ch\/subsa\/index.php?rest_route=\/wp\/v2\/pages\/670\/revisions"}],"predecessor-version":[{"id":686,"href":"http:\/\/www.techt.ch\/subsa\/index.php?rest_route=\/wp\/v2\/pages\/670\/revisions\/686"}],"up":[{"embeddable":true,"href":"http:\/\/www.techt.ch\/subsa\/index.php?rest_route=\/wp\/v2\/pages\/51"}],"wp:featuredmedia":[{"embeddable":true,"href":"http:\/\/www.techt.ch\/subsa\/index.php?rest_route=\/wp\/v2\/media\/671"}],"wp:attachment":[{"href":"http:\/\/www.techt.ch\/subsa\/index.php?rest_route=%2Fwp%2Fv2%2Fmedia&parent=670"}],"curies":[{"name":"wp","href":"https:\/\/api.w.org\/{rel}","templated":true}]}}